{"id":573,"date":"2014-02-20T17:18:09","date_gmt":"2014-02-20T17:18:09","guid":{"rendered":"http:\/\/sites.cardiff.ac.uk\/hepcw\/?page_id=573"},"modified":"2014-02-24T11:42:07","modified_gmt":"2014-02-24T11:42:07","slug":"cynhyrchionswyddfa","status":"publish","type":"page","link":"https:\/\/www.hepcw.ac.uk\/cy\/cynhyrchionswyddfa\/","title":{"rendered":"Cynhyrchion Swyddfa"},"content":{"rendered":"<p><a href=\"http:\/\/www.hepcw.ac.uk\/files\/2013\/11\/MP900399552.jpg\"><img loading=\"lazy\" decoding=\"async\" class=\"alignleft size-thumbnail wp-image-412\" alt=\"Pen on Notepaper in Ring Binder\" src=\"http:\/\/www.hepcw.ac.uk\/files\/2013\/11\/MP900399552-150x150.jpg\" width=\"150\" height=\"150\" \/><\/a>Mae Gr\u0175p Cynhyrchion Swyddfa HEPCW&#8217;n cwmpasu cyflenwi deunydd ysgrifennu ar gyfer swyddfeydd, papur cop\u00efwyr, nwyddau traul ar gyfer cyfrifiaduron, argraffu a reprograffeg, a gwasanaethau post. Nod y gr\u0175p yw darparu gwerth gorau ar gyfer holl aelodau HEPCW wrth iddynt gaffael cyflenwadau swyddfa; ar hyn o bryd, cyfanswm y gwariant ar y rhain ar draws yr holl aelod-sefydliadau yw \u00a310M.<\/p>\n<p>Y dasg a osodir i&#8217;r gr\u0175p yw dadansoddi&#8217;r farchnad yn gyson mewn perthynas \u00e2&#8217;r holl nwyddau sy&#8217;n rhan o gyfrifoldeb y gr\u0175p hwn, a datblygu cynghreiriau strategol gyda chonsortia pwrcasu eraill er budd aelod-sefydliadau.<\/p>\n<p>Fel Cadeirydd y gr\u0175p hwn, rwy\u2019n mynychu cyfarfodydd y Gweithgor Cenedlaethol ar gyfer Cyflenwadau Nwyddau Traul Cyfrifiadurol a Deunydd Ysgrifennu (NWPCSS), sy&#8217;n cynnwys aelodau&#8217;r holl gonsortia pwrcasu ar gyfer Addysg Uwch ledled y DU.<\/p>\n","protected":false},"excerpt":{"rendered":"<p>Mae Gr\u0175p Cynhyrchion Swyddfa HEPCW&#8217;n cwmpasu cyflenwi deunydd ysgrifennu ar gyfer swyddfeydd, papur cop\u00efwyr, nwyddau traul ar gyfer cyfrifiaduron, argraffu a reprograffeg, a gwasanaethau post. Nod y gr\u0175p yw darparu gwerth gorau ar gyfer holl aelodau HEPCW wrth iddynt gaffael &hellip; <a href=\"https:\/\/www.hepcw.ac.uk\/cy\/cynhyrchionswyddfa\/\">Parhau i ddarllen <span class=\"meta-nav\">&rarr;<\/span><\/a><\/p>\n","protected":false},"author":1,"featured_media":0,"parent":0,"menu_order":0,"comment_status":"closed","ping_status":"open","template":"","meta":{"footnotes":""},"class_list":["post-573","page","type-page","status-publish","hentry"],"meta_box":[],"_links":{"self":[{"href":"https:\/\/www.hepcw.ac.uk\/cy\/wp-json\/wp\/v2\/pages\/573","targetHints":{"allow":["GET"]}}],"collection":[{"href":"https:\/\/www.hepcw.ac.uk\/cy\/wp-json\/wp\/v2\/pages"}],"about":[{"href":"https:\/\/www.hepcw.ac.uk\/cy\/wp-json\/wp\/v2\/types\/page"}],"author":[{"embeddable":true,"href":"https:\/\/www.hepcw.ac.uk\/cy\/wp-json\/wp\/v2\/users\/1"}],"replies":[{"embeddable":true,"href":"https:\/\/www.hepcw.ac.uk\/cy\/wp-json\/wp\/v2\/comments?post=573"}],"version-history":[{"count":3,"href":"https:\/\/www.hepcw.ac.uk\/cy\/wp-json\/wp\/v2\/pages\/573\/revisions"}],"predecessor-version":[{"id":641,"href":"https:\/\/www.hepcw.ac.uk\/cy\/wp-json\/wp\/v2\/pages\/573\/revisions\/641"}],"wp:attachment":[{"href":"https:\/\/www.hepcw.ac.uk\/cy\/wp-json\/wp\/v2\/media?parent=573"}],"curies":[{"name":"wp","href":"https:\/\/api.w.org\/{rel}","templated":true}]}}