{"id":567,"date":"2014-02-20T17:14:42","date_gmt":"2014-02-20T17:14:42","guid":{"rendered":"http:\/\/sites.cardiff.ac.uk\/hepcw\/?page_id=567"},"modified":"2014-02-24T11:34:23","modified_gmt":"2014-02-24T11:34:23","slug":"tg","status":"publish","type":"page","link":"https:\/\/www.hepcw.ac.uk\/cy\/tg\/","title":{"rendered":"TG"},"content":{"rendered":"<p><a href=\"http:\/\/www.hepcw.ac.uk\/files\/2013\/11\/MP900442310.jpg\"><img loading=\"lazy\" decoding=\"async\" class=\"alignleft size-thumbnail wp-image-410\" alt=\"it office\" src=\"http:\/\/www.hepcw.ac.uk\/files\/2013\/11\/MP900442310-150x150.jpg\" width=\"150\" height=\"150\" \/><\/a>Mae Gr\u0175p Nwyddau Technoleg Gwybodaeth HEPCW yn hyrwyddo buddiannau aelod-sefydliadau ym maes caffael caledwedd, meddalwedd, systemau a gwasanaethau sy&#8217;n gysylltiedig \u00e2 TG, yn enwedig lle mae modd cael budd o gydweithredu yngl\u0177n \u00e2 gofynion cyffredin, a rhannu gwybodaeth ac arfer gorau.<\/p>\n<p>Yn nodweddiadol, mae&#8217;r Gr\u0175p yn cynnwys cymysgedd o Swyddogion TG a Swyddogion Caffael sy&#8217;n cynrychioli eu Prifysgol neu Goleg, ac sy&#8217;n cynnig arbenigedd a gwybodaeth er mwyn cynorthwyo naill ai i sefydlu cytundebau a chontractau cyflenwi a gwasanaeth, neu i feincnodi a chloriannu mynediad i gytundebau fframwaith allanol hygyrch (e.e: drwy OGC, Gwerth Cymru etc).<\/p>\n<p>Mae&#8217;r Gr\u0175p yn cynnal cynrychiolaeth allanol ar weithgorau priodol sy&#8217;n rheoli Cytundebau Cenedlaethol (yn y sector Addysg Uwch yn y DU) yngl\u0177n \u00e2 Chyfrifiaduron Personol Bwrdd Gwaith, Nodiaduron, Argraffyddion, Gweinyddwyr, Cynnal a Chadw Cyfrifiaduron etc., ac mae&#8217;n ymwneud \u00e2 mentrau cydweithrediadol rhanbarthol yng Nghymru fel y bo&#8217;n briodol.<\/p>\n<p>&nbsp;<\/p>\n","protected":false},"excerpt":{"rendered":"<p>Mae Gr\u0175p Nwyddau Technoleg Gwybodaeth HEPCW yn hyrwyddo buddiannau aelod-sefydliadau ym maes caffael caledwedd, meddalwedd, systemau a gwasanaethau sy&#8217;n gysylltiedig \u00e2 TG, yn enwedig lle mae modd cael budd o gydweithredu yngl\u0177n \u00e2 gofynion cyffredin, a rhannu gwybodaeth ac arfer &hellip; <a href=\"https:\/\/www.hepcw.ac.uk\/cy\/tg\/\">Parhau i ddarllen <span class=\"meta-nav\">&rarr;<\/span><\/a><\/p>\n","protected":false},"author":1,"featured_media":0,"parent":0,"menu_order":0,"comment_status":"closed","ping_status":"open","template":"","meta":{"footnotes":""},"class_list":["post-567","page","type-page","status-publish","hentry"],"meta_box":[],"_links":{"self":[{"href":"https:\/\/www.hepcw.ac.uk\/cy\/wp-json\/wp\/v2\/pages\/567","targetHints":{"allow":["GET"]}}],"collection":[{"href":"https:\/\/www.hepcw.ac.uk\/cy\/wp-json\/wp\/v2\/pages"}],"about":[{"href":"https:\/\/www.hepcw.ac.uk\/cy\/wp-json\/wp\/v2\/types\/page"}],"author":[{"embeddable":true,"href":"https:\/\/www.hepcw.ac.uk\/cy\/wp-json\/wp\/v2\/users\/1"}],"replies":[{"embeddable":true,"href":"https:\/\/www.hepcw.ac.uk\/cy\/wp-json\/wp\/v2\/comments?post=567"}],"version-history":[{"count":3,"href":"https:\/\/www.hepcw.ac.uk\/cy\/wp-json\/wp\/v2\/pages\/567\/revisions"}],"predecessor-version":[{"id":635,"href":"https:\/\/www.hepcw.ac.uk\/cy\/wp-json\/wp\/v2\/pages\/567\/revisions\/635"}],"wp:attachment":[{"href":"https:\/\/www.hepcw.ac.uk\/cy\/wp-json\/wp\/v2\/media?parent=567"}],"curies":[{"name":"wp","href":"https:\/\/api.w.org\/{rel}","templated":true}]}}